{"id":891,"date":"2016-06-06T16:08:04","date_gmt":"2016-06-06T16:08:04","guid":{"rendered":"http:\/\/qt.dev\/dev\/thecleaner\/?page_id=891"},"modified":"2024-08-01T10:17:16","modified_gmt":"2024-08-01T15:17:16","slug":"contacteos","status":"publish","type":"page","link":"https:\/\/www.laprovidencia.edu.ec\/web\/contacteos\/","title":{"rendered":"Cont\u00e1ctenos"},"content":{"rendered":"<body><p>[vc_row gap=\u201d15\u2033 css=\u201d.vc_custom_1537270397615{margin-bottom: -10px !important;}\u201d][vc_column width=\u201d1\/2\u2033][vc_column_text css=\u201d.vc_custom_1629244204983{margin-bottom: 40px !important;}\u201d]<\/p>\n<h2>Enviar mensaje<\/h2>\n<p>No dude en ponerse en contacto por tel\u00e9fono o mediante el formulario de contacto a continuaci\u00f3n. Su mensaje se enviar\u00e1 directamente a nuestro personal que responder\u00e1 lo antes posible.[\/vc_column_text]\n<div class=\"wpcf7 no-js\" id=\"wpcf7-f1649-o1\" lang=\"en-US\" dir=\"ltr\" data-wpcf7-id=\"1649\">\n<div class=\"screen-reader-response\"><p role=\"status\" aria-live=\"polite\" aria-atomic=\"true\"><\/p> <ul><\/ul><\/div>\n<form action=\"\/web\/wp-json\/wp\/v2\/pages\/891#wpcf7-f1649-o1\" method=\"post\" class=\"wpcf7-form init demo\" aria-label=\"Contact form\" novalidate=\"novalidate\" data-status=\"init\">\n<div style=\"display: none;\">\n<input type=\"hidden\" name=\"_wpcf7\" value=\"1649\" \/>\n<input type=\"hidden\" name=\"_wpcf7_version\" value=\"6.0.6\" \/>\n<input type=\"hidden\" name=\"_wpcf7_locale\" value=\"en_US\" \/>\n<input type=\"hidden\" name=\"_wpcf7_unit_tag\" value=\"wpcf7-f1649-o1\" \/>\n<input type=\"hidden\" name=\"_wpcf7_container_post\" value=\"0\" \/>\n<input type=\"hidden\" name=\"_wpcf7_posted_data_hash\" value=\"\" \/>\n<\/div>\n<div class=\"row\">\n\t<div class=\"col-sm-12 col-lg-6\">\n\t\t<p>Nombre (requerido)<br \/>\n<span class=\"wpcf7-form-control-wrap\" data-name=\"first-name\"><input size=\"40\" maxlength=\"400\" class=\"wpcf7-form-control wpcf7-text wpcf7-validates-as-required\" aria-required=\"true\" aria-invalid=\"false\" placeholder=\"Nombre *\" value=\"\" type=\"text\" name=\"first-name\" \/><\/span>\n\t\t<\/p>\n\t<\/div>\n\t<div class=\"col-sm-12 col-lg-6\">\n\t\t<p>Email (requerido)<br \/>\n<span class=\"wpcf7-form-control-wrap\" data-name=\"your-email\"><input size=\"40\" maxlength=\"400\" class=\"wpcf7-form-control wpcf7-email wpcf7-validates-as-required wpcf7-text wpcf7-validates-as-email\" aria-required=\"true\" aria-invalid=\"false\" placeholder=\"Email *\" value=\"\" type=\"email\" name=\"your-email\" \/><\/span>\n\t\t<\/p>\n\t<\/div>\n\t<div class=\"col-sm-12 col-lg-6\">\n\t\t<p>Tel\u00e9fono (requerido)<br \/>\n<span class=\"wpcf7-form-control-wrap\" data-name=\"phone-number\"><input size=\"40\" maxlength=\"400\" class=\"wpcf7-form-control wpcf7-tel wpcf7-text wpcf7-validates-as-tel\" aria-invalid=\"false\" placeholder=\"Telefono *\" value=\"\" type=\"tel\" name=\"phone-number\" \/><\/span>\n\t\t<\/p>\n\t<\/div>\n\t<div class=\"col-sm-12 col-lg-6\">\n\t\t<p>Asunto<br \/>\n<span class=\"wpcf7-form-control-wrap\" data-name=\"your-subject\"><input size=\"40\" maxlength=\"400\" class=\"wpcf7-form-control wpcf7-text\" aria-invalid=\"false\" value=\"\" type=\"text\" name=\"your-subject\" \/><\/span>\n\t\t<\/p>\n\t<\/div>\n\t<div class=\"col-sm-12\">\n\t\t<p>Mensaje<br \/>\n<span class=\"wpcf7-form-control-wrap\" data-name=\"your-message\"><textarea cols=\"40\" rows=\"10\" maxlength=\"2000\" class=\"wpcf7-form-control wpcf7-textarea wpcf7-validates-as-required\" aria-required=\"true\" aria-invalid=\"false\" placeholder=\"Escriba su mensaje...\" name=\"your-message\"><\/textarea><\/span><input class=\"wpcf7-form-control wpcf7-submit has-spinner btn btn-primary\" type=\"submit\" value=\"Send Message\" \/>\n\t\t<\/p>\n\t<\/div>\n<\/div><div class=\"wpcf7-response-output\" aria-hidden=\"true\"><\/div>\n<\/form>\n<\/div>\n[\/vc_column][vc_column width=\u201d1\/2\u2033][vc_column_text css=\u201d.vc_custom_1629244223699{margin-bottom: 27px !important;}\u201d]<\/p>\n<h2>Ubicaci\u00f3n<\/h2>\n<p>[\/vc_column_text][qt_google_maps_iframe maps_address=\u201dLa Providencia, Av Cevallos, Ambato 180109\u2033 maps_zoom=\u201d12\u2033 maps_width_unit=\u201dpercentage\u201d maps_height=\u201d300\u2033 css=\u201d.vc_custom_1629244285743{margin-bottom: 55px !important;}\u201d][vc_row_inner equal_height=\u201dyes\u201d][vc_column_inner width=\u201d1\/2\u2033 offset=\u201dvc_col-lg-6 vc_col-md-6 vc_col-xs-12\u2033 css=\u201d.vc_custom_1506016977818{margin-bottom: 20px !important;}\u201d][vc_column_text]<\/p>\n<h3>Direcci\u00f3n<\/h3>\n<p>Av Cevallos, entre Mart\u00ednez y Lalama,<br>\nAmbato \u2013 Tungurahua 180109,<br>\nEcuador[\/vc_column_text][qt_social target=\u201dtrue\u201d facebook=\u201dhttps:\/\/www.facebook.com\/Unidad-Educativa-La-Providencia-Ambato-1287688577945804\/\u201d][\/vc_column_inner][vc_column_inner width=\u201d1\/2\u2033 offset=\u201dvc_col-lg-6 vc_col-md-6 vc_col-xs-12\u2033][vc_column_text]<\/p>\n<h3>Detalles de Contacto<\/h3>\n<p>+593 32824212<br>\nCel. 0991037563<\/p>\n<p><a href=\"#\">secretaria@providencia.edu.ec<\/a>[\/vc_column_text][\/vc_column_inner][\/vc_row_inner][\/vc_column][\/vc_row]<\/p>\n<\/body>","protected":false},"excerpt":{"rendered":"<p>[vc_row gap=\u201d15\u2033 css=\u201d.vc_custom_1537270397615{margin-bottom: -10px !important;}\u201d][vc_column width=\u201d1\/2\u2033][vc_column_text css=\u201d.vc_custom_1629244204983{margin-bottom: 40px !important;}\u201d] Enviar mensaje No dude en ponerse en contacto por tel\u00e9fono o mediante el formulario de contacto a continuaci\u00f3n. Su mensaje se enviar\u00e1 directamente a nuestro personal que responder\u00e1 lo antes posible.[\/vc_column_text][\/vc_column][vc_column width=\u201d1\/2\u2033][vc_column_text css=\u201d.vc_custom_1629244223699{margin-bottom: 27px !important;}\u201d] Ubicaci\u00f3n [\/vc_column_text][qt_google_maps_iframe maps_address=\u201dLa Providencia, Av Cevallos, Ambato 180109\u2033 maps_zoom=\u201d12\u2033 maps_width_unit=\u201dpercentage\u201d maps_height=\u201d300\u2033&hellip;<\/p>\n","protected":false},"author":1,"featured_media":0,"parent":0,"menu_order":0,"comment_status":"closed","ping_status":"closed","template":"","meta":{"om_disable_all_campaigns":false,"footnotes":""},"class_list":["post-891","page","type-page","status-publish","hentry"],"jetpack_sharing_enabled":true,"_links":{"self":[{"href":"https:\/\/www.laprovidencia.edu.ec\/web\/wp-json\/wp\/v2\/pages\/891"}],"collection":[{"href":"https:\/\/www.laprovidencia.edu.ec\/web\/wp-json\/wp\/v2\/pages"}],"about":[{"href":"https:\/\/www.laprovidencia.edu.ec\/web\/wp-json\/wp\/v2\/types\/page"}],"author":[{"embeddable":true,"href":"https:\/\/www.laprovidencia.edu.ec\/web\/wp-json\/wp\/v2\/users\/1"}],"replies":[{"embeddable":true,"href":"https:\/\/www.laprovidencia.edu.ec\/web\/wp-json\/wp\/v2\/comments?post=891"}],"version-history":[{"count":5,"href":"https:\/\/www.laprovidencia.edu.ec\/web\/wp-json\/wp\/v2\/pages\/891\/revisions"}],"predecessor-version":[{"id":13251,"href":"https:\/\/www.laprovidencia.edu.ec\/web\/wp-json\/wp\/v2\/pages\/891\/revisions\/13251"}],"wp:attachment":[{"href":"https:\/\/www.laprovidencia.edu.ec\/web\/wp-json\/wp\/v2\/media?parent=891"}],"curies":[{"name":"wp","href":"https:\/\/api.w.org\/{rel}","templated":true}]}}